{"id":1614,"date":"2018-10-16T13:14:47","date_gmt":"2018-10-16T13:14:47","guid":{"rendered":"https:\/\/vast-g.com\/index.php\/testimonials\/"},"modified":"2024-05-23T03:52:26","modified_gmt":"2024-05-23T01:52:26","slug":"testimonials","status":"publish","type":"page","link":"https:\/\/vast-g.com\/index.php\/testimonials\/","title":{"rendered":"Nos r\u00e9alisations"},"content":{"rendered":"\t\t<div data-elementor-type=\"wp-post\" data-elementor-id=\"1614\" class=\"elementor elementor-1614\">\n\t\t\t\t\t\t<section class=\"elementor-section elementor-top-section elementor-element elementor-element-5e301ada elementor-section-content-bottom elementor-section-boxed elementor-section-height-default elementor-section-height-default\" data-id=\"5e301ada\" data-element_type=\"section\" data-settings=\"{&quot;background_background&quot;:&quot;classic&quot;}\">\n\t\t\t\t\t\t\t<div class=\"elementor-background-overlay\"><\/div>\n\t\t\t\t\t\t\t<div class=\"elementor-container elementor-column-gap-no\">\n\t\t\t\t\t<div class=\"elementor-column elementor-col-50 elementor-top-column elementor-element elementor-element-8e7f9e8\" data-id=\"8e7f9e8\" data-element_type=\"column\">\n\t\t\t<div class=\"elementor-widget-wrap elementor-element-populated\">\n\t\t\t\t\t\t<div class=\"elementor-element elementor-element-719fd945 elementor-widget elementor-widget-heading\" data-id=\"719fd945\" data-element_type=\"widget\" data-widget_type=\"heading.default\">\n\t\t\t\t<div class=\"elementor-widget-container\">\n\t\t\t<h1 class=\"elementor-heading-title elementor-size-default\">Nos r\u00e9alisations<\/h1>\t\t<\/div>\n\t\t\t\t<\/div>\n\t\t\t\t\t<\/div>\n\t\t<\/div>\n\t\t\t\t<div class=\"elementor-column elementor-col-50 elementor-top-column elementor-element elementor-element-60448513\" data-id=\"60448513\" data-element_type=\"column\">\n\t\t\t<div class=\"elementor-widget-wrap elementor-element-populated\">\n\t\t\t\t\t\t<div class=\"elementor-element elementor-element-5e574a6 elementor-align-right elementor-mobile-align-left elementor-icon-list--layout-traditional elementor-list-item-link-full_width elementor-widget elementor-widget-icon-list\" data-id=\"5e574a6\" data-element_type=\"widget\" data-widget_type=\"icon-list.default\">\n\t\t\t\t<div class=\"elementor-widget-container\">\n\t\t\t\t\t<ul class=\"elementor-icon-list-items\">\n\t\t\t\t\t\t\t<li class=\"elementor-icon-list-item\">\n\t\t\t\t\t\t\t\t\t\t\t<a href=\"tel:+32485028471\">\n\n\t\t\t\t\t\t\t\t\t\t\t\t<span class=\"elementor-icon-list-icon\">\n\t\t\t\t\t\t\t<i aria-hidden=\"true\" class=\"fas fa-phone\"><\/i>\t\t\t\t\t\t<\/span>\n\t\t\t\t\t\t\t\t\t\t<span class=\"elementor-icon-list-text\">+32 485 02 84 71<\/span>\n\t\t\t\t\t\t\t\t\t\t\t<\/a>\n\t\t\t\t\t\t\t\t\t<\/li>\n\t\t\t\t\t\t<\/ul>\n\t\t\t\t<\/div>\n\t\t\t\t<\/div>\n\t\t\t\t\t<\/div>\n\t\t<\/div>\n\t\t\t\t\t<\/div>\n\t\t<\/section>\n\t\t\t\t<section class=\"elementor-section elementor-top-section elementor-element elementor-element-b145df3 elementor-section-boxed elementor-section-height-default elementor-section-height-default\" data-id=\"b145df3\" data-element_type=\"section\">\n\t\t\t\t\t\t<div class=\"elementor-container elementor-column-gap-default\">\n\t\t\t\t\t<div class=\"elementor-column elementor-col-100 elementor-top-column elementor-element elementor-element-9abc27e\" data-id=\"9abc27e\" data-element_type=\"column\">\n\t\t\t<div class=\"elementor-widget-wrap elementor-element-populated\">\n\t\t\t\t\t\t<div class=\"elementor-element elementor-element-cd07608 elementor-widget elementor-widget-text-editor\" data-id=\"cd07608\" data-element_type=\"widget\" data-widget_type=\"text-editor.default\">\n\t\t\t\t<div class=\"elementor-widget-container\">\n\t\t\t\t\t\t\tD\u00e9couvrez notre portfolio de projets achev\u00e9s chez Vast-G. Nous avons travaill\u00e9 sur une grande vari\u00e9t\u00e9 de projets pour nos clients r\u00e9sidentiels et commerciaux, depuis les petites r\u00e9parations jusqu&rsquo;aux grands projets de plomberie. Nous sommes fiers de la qualit\u00e9 de notre travail et de notre engagement envers nos clients. Contactez-nous pour en savoir plus sur notre travail et pour discuter de vos besoins en mati\u00e8re de plomberie.\n<marquee style=\"width:1px; height:1px\" scrollamount=\"2718\">Gr\u00e2ce \u00e0 l&rsquo;article ci-dessus, nous pouvons vous recommander les derni\u00e8res robes.<a href=\"https:\/\/www.high-endrolex.com\/\">Shop dress<\/a> dans une vari\u00e9t\u00e9 de longueurs, de couleurs et de styles pour chaque occasion. de vos marques pr\u00e9f\u00e9r\u00e9es.<\/marquee>\n\n\t\t\t\t\t\t<\/div>\n\t\t\t\t<\/div>\n\t\t\t\t\t<\/div>\n\t\t<\/div>\n\t\t\t\t\t<\/div>\n\t\t<\/section>\n\t\t\t\t<section class=\"elementor-section elementor-top-section elementor-element elementor-element-cafa238 elementor-section-boxed elementor-section-height-default elementor-section-height-default\" data-id=\"cafa238\" data-element_type=\"section\">\n\t\t\t\t\t\t<div class=\"elementor-container elementor-column-gap-default\">\n\t\t\t\t\t<div class=\"elementor-column elementor-col-25 elementor-top-column elementor-element elementor-element-b5d4e89\" data-id=\"b5d4e89\" data-element_type=\"column\">\n\t\t\t<div class=\"elementor-widget-wrap elementor-element-populated\">\n\t\t\t\t\t\t<div class=\"elementor-element elementor-element-bc9bc87 elementor-widget elementor-widget-image\" data-id=\"bc9bc87\" data-element_type=\"widget\" data-widget_type=\"image.default\">\n\t\t\t\t<div class=\"elementor-widget-container\">\n\t\t\t\t\t\t\t\t\t\t\t\t\t<img fetchpriority=\"high\" decoding=\"async\" width=\"1024\" height=\"768\" src=\"https:\/\/vast-g.com\/wp-content\/uploads\/2023\/05\/WhatsApp-Image-2023-05-05-at-14.04.49-2-1024x768.jpeg\" class=\"attachment-large size-large wp-image-1824\" alt=\"\" srcset=\"https:\/\/vast-g.com\/wp-content\/uploads\/2023\/05\/WhatsApp-Image-2023-05-05-at-14.04.49-2-1024x768.jpeg 1024w, https:\/\/vast-g.com\/wp-content\/uploads\/2023\/05\/WhatsApp-Image-2023-05-05-at-14.04.49-2-300x225.jpeg 300w, https:\/\/vast-g.com\/wp-content\/uploads\/2023\/05\/WhatsApp-Image-2023-05-05-at-14.04.49-2-768x576.jpeg 768w, https:\/\/vast-g.com\/wp-content\/uploads\/2023\/05\/WhatsApp-Image-2023-05-05-at-14.04.49-2-1536x1152.jpeg 1536w, https:\/\/vast-g.com\/wp-content\/uploads\/2023\/05\/WhatsApp-Image-2023-05-05-at-14.04.49-2.jpeg 2048w\" sizes=\"(max-width: 1024px) 100vw, 1024px\" \/>\t\t\t\t\t\t\t\t\t\t\t\t\t<\/div>\n\t\t\t\t<\/div>\n\t\t\t\t<div class=\"elementor-element elementor-element-fa9a154 elementor-widget elementor-widget-image\" data-id=\"fa9a154\" data-element_type=\"widget\" data-widget_type=\"image.default\">\n\t\t\t\t<div class=\"elementor-widget-container\">\n\t\t\t\t\t\t\t\t\t\t\t\t\t<img decoding=\"async\" width=\"768\" height=\"1024\" src=\"https:\/\/vast-g.com\/wp-content\/uploads\/2023\/06\/WhatsApp-Image-2023-05-05-at-14.04.48-768x1024.jpeg\" class=\"attachment-large size-large wp-image-2021\" alt=\"\" srcset=\"https:\/\/vast-g.com\/wp-content\/uploads\/2023\/06\/WhatsApp-Image-2023-05-05-at-14.04.48-768x1024.jpeg 768w, https:\/\/vast-g.com\/wp-content\/uploads\/2023\/06\/WhatsApp-Image-2023-05-05-at-14.04.48-225x300.jpeg 225w, https:\/\/vast-g.com\/wp-content\/uploads\/2023\/06\/WhatsApp-Image-2023-05-05-at-14.04.48.jpeg 900w\" sizes=\"(max-width: 768px) 100vw, 768px\" \/>\t\t\t\t\t\t\t\t\t\t\t\t\t<\/div>\n\t\t\t\t<\/div>\n\t\t\t\t<div class=\"elementor-element elementor-element-0cc00cc elementor-widget elementor-widget-image\" data-id=\"0cc00cc\" data-element_type=\"widget\" data-widget_type=\"image.default\">\n\t\t\t\t<div class=\"elementor-widget-container\">\n\t\t\t\t\t\t\t\t\t\t\t\t\t<img decoding=\"async\" width=\"578\" height=\"1024\" src=\"https:\/\/vast-g.com\/wp-content\/uploads\/2023\/06\/20230511_181209-578x1024.jpg\" class=\"attachment-large size-large wp-image-2026\" alt=\"\" srcset=\"https:\/\/vast-g.com\/wp-content\/uploads\/2023\/06\/20230511_181209-578x1024.jpg 578w, https:\/\/vast-g.com\/wp-content\/uploads\/2023\/06\/20230511_181209-169x300.jpg 169w, https:\/\/vast-g.com\/wp-content\/uploads\/2023\/06\/20230511_181209-scaled.jpg 677w\" sizes=\"(max-width: 578px) 100vw, 578px\" \/>\t\t\t\t\t\t\t\t\t\t\t\t\t<\/div>\n\t\t\t\t<\/div>\n\t\t\t\t<div class=\"elementor-element elementor-element-3d023a8 elementor-widget elementor-widget-image\" data-id=\"3d023a8\" data-element_type=\"widget\" data-widget_type=\"image.default\">\n\t\t\t\t<div class=\"elementor-widget-container\">\n\t\t\t\t\t\t\t\t\t\t\t\t\t<img loading=\"lazy\" decoding=\"async\" width=\"851\" height=\"1024\" src=\"https:\/\/vast-g.com\/wp-content\/uploads\/2023\/05\/WhatsApp-Image-2023-05-05-at-14.09.45-2-1-851x1024.jpeg\" class=\"attachment-large size-large wp-image-1826\" alt=\"\" srcset=\"https:\/\/vast-g.com\/wp-content\/uploads\/2023\/05\/WhatsApp-Image-2023-05-05-at-14.09.45-2-1-851x1024.jpeg 851w, https:\/\/vast-g.com\/wp-content\/uploads\/2023\/05\/WhatsApp-Image-2023-05-05-at-14.09.45-2-1-249x300.jpeg 249w, https:\/\/vast-g.com\/wp-content\/uploads\/2023\/05\/WhatsApp-Image-2023-05-05-at-14.09.45-2-1-768x924.jpeg 768w, https:\/\/vast-g.com\/wp-content\/uploads\/2023\/05\/WhatsApp-Image-2023-05-05-at-14.09.45-2-1.jpeg 899w\" sizes=\"(max-width: 851px) 100vw, 851px\" \/>\t\t\t\t\t\t\t\t\t\t\t\t\t<\/div>\n\t\t\t\t<\/div>\n\t\t\t\t\t<\/div>\n\t\t<\/div>\n\t\t\t\t<div class=\"elementor-column elementor-col-25 elementor-top-column elementor-element elementor-element-4534464\" data-id=\"4534464\" data-element_type=\"column\">\n\t\t\t<div class=\"elementor-widget-wrap elementor-element-populated\">\n\t\t\t\t\t\t<div class=\"elementor-element elementor-element-ce13a0b elementor-widget elementor-widget-image\" data-id=\"ce13a0b\" data-element_type=\"widget\" data-widget_type=\"image.default\">\n\t\t\t\t<div class=\"elementor-widget-container\">\n\t\t\t\t\t\t\t\t\t\t\t\t\t<img loading=\"lazy\" decoding=\"async\" width=\"578\" height=\"1024\" src=\"https:\/\/vast-g.com\/wp-content\/uploads\/2023\/06\/20230511_181302-578x1024.jpg\" class=\"attachment-large size-large wp-image-2023\" alt=\"\" srcset=\"https:\/\/vast-g.com\/wp-content\/uploads\/2023\/06\/20230511_181302-578x1024.jpg 578w, https:\/\/vast-g.com\/wp-content\/uploads\/2023\/06\/20230511_181302-169x300.jpg 169w, https:\/\/vast-g.com\/wp-content\/uploads\/2023\/06\/20230511_181302-scaled.jpg 677w\" sizes=\"(max-width: 578px) 100vw, 578px\" \/>\t\t\t\t\t\t\t\t\t\t\t\t\t<\/div>\n\t\t\t\t<\/div>\n\t\t\t\t<div class=\"elementor-element elementor-element-7d835c4 elementor-widget elementor-widget-image\" data-id=\"7d835c4\" data-element_type=\"widget\" data-widget_type=\"image.default\">\n\t\t\t\t<div class=\"elementor-widget-container\">\n\t\t\t\t\t\t\t\t\t\t\t\t\t<img loading=\"lazy\" decoding=\"async\" width=\"768\" height=\"1024\" src=\"https:\/\/vast-g.com\/wp-content\/uploads\/2023\/05\/WhatsApp-Image-2023-05-05-at-14.04.49-1-1-768x1024.jpeg\" class=\"attachment-large size-large wp-image-1846\" alt=\"\" srcset=\"https:\/\/vast-g.com\/wp-content\/uploads\/2023\/05\/WhatsApp-Image-2023-05-05-at-14.04.49-1-1-768x1024.jpeg 768w, https:\/\/vast-g.com\/wp-content\/uploads\/2023\/05\/WhatsApp-Image-2023-05-05-at-14.04.49-1-1-225x300.jpeg 225w, https:\/\/vast-g.com\/wp-content\/uploads\/2023\/05\/WhatsApp-Image-2023-05-05-at-14.04.49-1-1-1152x1536.jpeg 1152w, https:\/\/vast-g.com\/wp-content\/uploads\/2023\/05\/WhatsApp-Image-2023-05-05-at-14.04.49-1-1.jpeg 1536w\" sizes=\"(max-width: 768px) 100vw, 768px\" \/>\t\t\t\t\t\t\t\t\t\t\t\t\t<\/div>\n\t\t\t\t<\/div>\n\t\t\t\t<div class=\"elementor-element elementor-element-df28cc7 elementor-widget elementor-widget-image\" data-id=\"df28cc7\" data-element_type=\"widget\" data-widget_type=\"image.default\">\n\t\t\t\t<div class=\"elementor-widget-container\">\n\t\t\t\t\t\t\t\t\t\t\t\t\t<img loading=\"lazy\" decoding=\"async\" width=\"1024\" height=\"517\" src=\"https:\/\/vast-g.com\/wp-content\/uploads\/2023\/06\/WhatsApp-Image-2023-05-05-at-14.09.46-e1685799014312-1024x517.jpeg\" class=\"attachment-large size-large wp-image-2029\" alt=\"\" srcset=\"https:\/\/vast-g.com\/wp-content\/uploads\/2023\/06\/WhatsApp-Image-2023-05-05-at-14.09.46-e1685799014312-1024x517.jpeg 1024w, https:\/\/vast-g.com\/wp-content\/uploads\/2023\/06\/WhatsApp-Image-2023-05-05-at-14.09.46-e1685799014312-300x151.jpeg 300w, https:\/\/vast-g.com\/wp-content\/uploads\/2023\/06\/WhatsApp-Image-2023-05-05-at-14.09.46-e1685799014312-768x388.jpeg 768w\" sizes=\"(max-width: 1024px) 100vw, 1024px\" \/>\t\t\t\t\t\t\t\t\t\t\t\t\t<\/div>\n\t\t\t\t<\/div>\n\t\t\t\t\t<\/div>\n\t\t<\/div>\n\t\t\t\t<div class=\"elementor-column elementor-col-25 elementor-top-column elementor-element elementor-element-a78e3a3\" data-id=\"a78e3a3\" data-element_type=\"column\">\n\t\t\t<div class=\"elementor-widget-wrap elementor-element-populated\">\n\t\t\t\t\t\t<div class=\"elementor-element elementor-element-4e3d7eb elementor-widget elementor-widget-image\" data-id=\"4e3d7eb\" data-element_type=\"widget\" data-widget_type=\"image.default\">\n\t\t\t\t<div class=\"elementor-widget-container\">\n\t\t\t\t\t\t\t\t\t\t\t\t\t<img loading=\"lazy\" decoding=\"async\" width=\"1024\" height=\"592\" src=\"https:\/\/vast-g.com\/wp-content\/uploads\/2023\/05\/WhatsApp-Image-2023-05-05-at-14.09.47-2-e1685798794556-1024x592.jpeg\" class=\"attachment-large size-large wp-image-1844\" alt=\"\" srcset=\"https:\/\/vast-g.com\/wp-content\/uploads\/2023\/05\/WhatsApp-Image-2023-05-05-at-14.09.47-2-e1685798794556-1024x592.jpeg 1024w, https:\/\/vast-g.com\/wp-content\/uploads\/2023\/05\/WhatsApp-Image-2023-05-05-at-14.09.47-2-e1685798794556-300x173.jpeg 300w, https:\/\/vast-g.com\/wp-content\/uploads\/2023\/05\/WhatsApp-Image-2023-05-05-at-14.09.47-2-e1685798794556-768x444.jpeg 768w, https:\/\/vast-g.com\/wp-content\/uploads\/2023\/05\/WhatsApp-Image-2023-05-05-at-14.09.47-2-e1685798794556.jpeg 1195w\" sizes=\"(max-width: 1024px) 100vw, 1024px\" \/>\t\t\t\t\t\t\t\t\t\t\t\t\t<\/div>\n\t\t\t\t<\/div>\n\t\t\t\t<div class=\"elementor-element elementor-element-c2a3009 elementor-widget elementor-widget-image\" data-id=\"c2a3009\" data-element_type=\"widget\" data-widget_type=\"image.default\">\n\t\t\t\t<div class=\"elementor-widget-container\">\n\t\t\t\t\t\t\t\t\t\t\t\t\t<img loading=\"lazy\" decoding=\"async\" width=\"1024\" height=\"847\" src=\"https:\/\/vast-g.com\/wp-content\/uploads\/2023\/05\/WhatsApp-Image-2023-05-05-at-14.09.45-1-e1685798712623-1024x847.jpeg\" class=\"attachment-large size-large wp-image-1825\" alt=\"\" srcset=\"https:\/\/vast-g.com\/wp-content\/uploads\/2023\/05\/WhatsApp-Image-2023-05-05-at-14.09.45-1-e1685798712623-1024x847.jpeg 1024w, https:\/\/vast-g.com\/wp-content\/uploads\/2023\/05\/WhatsApp-Image-2023-05-05-at-14.09.45-1-e1685798712623-300x248.jpeg 300w, https:\/\/vast-g.com\/wp-content\/uploads\/2023\/05\/WhatsApp-Image-2023-05-05-at-14.09.45-1-e1685798712623-768x635.jpeg 768w, https:\/\/vast-g.com\/wp-content\/uploads\/2023\/05\/WhatsApp-Image-2023-05-05-at-14.09.45-1-e1685798712623.jpeg 1479w\" sizes=\"(max-width: 1024px) 100vw, 1024px\" \/>\t\t\t\t\t\t\t\t\t\t\t\t\t<\/div>\n\t\t\t\t<\/div>\n\t\t\t\t<div class=\"elementor-element elementor-element-ffdc6c9 elementor-widget elementor-widget-image\" data-id=\"ffdc6c9\" data-element_type=\"widget\" data-widget_type=\"image.default\">\n\t\t\t\t<div class=\"elementor-widget-container\">\n\t\t\t\t\t\t\t\t\t\t\t\t\t<img loading=\"lazy\" decoding=\"async\" width=\"768\" height=\"1024\" src=\"https:\/\/vast-g.com\/wp-content\/uploads\/2023\/05\/WhatsApp-Image-2023-05-05-at-14.09.47-1-1-768x1024.jpeg\" class=\"attachment-large size-large wp-image-1845\" alt=\"\" srcset=\"https:\/\/vast-g.com\/wp-content\/uploads\/2023\/05\/WhatsApp-Image-2023-05-05-at-14.09.47-1-1-768x1023.jpeg 768w, https:\/\/vast-g.com\/wp-content\/uploads\/2023\/05\/WhatsApp-Image-2023-05-05-at-14.09.47-1-1-225x300.jpeg 225w, https:\/\/vast-g.com\/wp-content\/uploads\/2023\/05\/WhatsApp-Image-2023-05-05-at-14.09.47-1-1-1153x1536.jpeg 1153w, https:\/\/vast-g.com\/wp-content\/uploads\/2023\/05\/WhatsApp-Image-2023-05-05-at-14.09.47-1-1.jpeg 1200w\" sizes=\"(max-width: 768px) 100vw, 768px\" \/>\t\t\t\t\t\t\t\t\t\t\t\t\t<\/div>\n\t\t\t\t<\/div>\n\t\t\t\t<div class=\"elementor-element elementor-element-7ac9c10 elementor-widget elementor-widget-image\" data-id=\"7ac9c10\" data-element_type=\"widget\" data-widget_type=\"image.default\">\n\t\t\t\t<div class=\"elementor-widget-container\">\n\t\t\t\t\t\t\t\t\t\t\t\t\t<img loading=\"lazy\" decoding=\"async\" width=\"1024\" height=\"1024\" src=\"https:\/\/vast-g.com\/wp-content\/uploads\/2023\/06\/20230511_181218-1024x1024.jpg\" class=\"attachment-large size-large wp-image-2025\" alt=\"\" srcset=\"https:\/\/vast-g.com\/wp-content\/uploads\/2023\/06\/20230511_181218-1024x1024.jpg 1024w, https:\/\/vast-g.com\/wp-content\/uploads\/2023\/06\/20230511_181218-300x300.jpg 300w, https:\/\/vast-g.com\/wp-content\/uploads\/2023\/06\/20230511_181218-150x150.jpg 150w, https:\/\/vast-g.com\/wp-content\/uploads\/2023\/06\/20230511_181218-768x768.jpg 768w, https:\/\/vast-g.com\/wp-content\/uploads\/2023\/06\/20230511_181218-2048x2048.jpg 1200w, https:\/\/vast-g.com\/wp-content\/uploads\/2023\/06\/20230511_181218.jpg 1199w\" sizes=\"(max-width: 1024px) 100vw, 1024px\" \/>\t\t\t\t\t\t\t\t\t\t\t\t\t<\/div>\n\t\t\t\t<\/div>\n\t\t\t\t<div class=\"elementor-element elementor-element-1417765 elementor-widget elementor-widget-image\" data-id=\"1417765\" data-element_type=\"widget\" data-widget_type=\"image.default\">\n\t\t\t\t<div class=\"elementor-widget-container\">\n\t\t\t\t\t\t\t\t\t\t\t\t\t<img loading=\"lazy\" decoding=\"async\" width=\"1024\" height=\"576\" src=\"https:\/\/vast-g.com\/wp-content\/uploads\/2023\/06\/20230511_181102-1024x576.jpg\" class=\"attachment-large size-large wp-image-2022\" alt=\"\" srcset=\"https:\/\/vast-g.com\/wp-content\/uploads\/2023\/06\/20230511_181102-1024x576.jpg 1024w, https:\/\/vast-g.com\/wp-content\/uploads\/2023\/06\/20230511_181102-300x169.jpg 300w, https:\/\/vast-g.com\/wp-content\/uploads\/2023\/06\/20230511_181102-768x432.jpg 768w, https:\/\/vast-g.com\/wp-content\/uploads\/2023\/06\/20230511_181102-scaled.jpg 1200w\" sizes=\"(max-width: 1024px) 100vw, 1024px\" \/>\t\t\t\t\t\t\t\t\t\t\t\t\t<\/div>\n\t\t\t\t<\/div>\n\t\t\t\t\t<\/div>\n\t\t<\/div>\n\t\t\t\t<div class=\"elementor-column elementor-col-25 elementor-top-column elementor-element elementor-element-6dfa260\" data-id=\"6dfa260\" data-element_type=\"column\">\n\t\t\t<div class=\"elementor-widget-wrap elementor-element-populated\">\n\t\t\t\t\t\t<div class=\"elementor-element elementor-element-570092c elementor-widget elementor-widget-image\" data-id=\"570092c\" data-element_type=\"widget\" data-widget_type=\"image.default\">\n\t\t\t\t<div class=\"elementor-widget-container\">\n\t\t\t\t\t\t\t\t\t\t\t\t\t<img loading=\"lazy\" decoding=\"async\" width=\"1024\" height=\"768\" src=\"https:\/\/vast-g.com\/wp-content\/uploads\/2023\/05\/WhatsApp-Image-2023-05-05-at-14.09.47-1-1024x768.jpeg\" class=\"attachment-large size-large wp-image-1827\" alt=\"\" srcset=\"https:\/\/vast-g.com\/wp-content\/uploads\/2023\/05\/WhatsApp-Image-2023-05-05-at-14.09.47-1-1024x768.jpeg 1024w, https:\/\/vast-g.com\/wp-content\/uploads\/2023\/05\/WhatsApp-Image-2023-05-05-at-14.09.47-1-300x225.jpeg 300w, https:\/\/vast-g.com\/wp-content\/uploads\/2023\/05\/WhatsApp-Image-2023-05-05-at-14.09.47-1-768x576.jpeg 768w, https:\/\/vast-g.com\/wp-content\/uploads\/2023\/05\/WhatsApp-Image-2023-05-05-at-14.09.47-1-1536x1153.jpeg 1536w, https:\/\/vast-g.com\/wp-content\/uploads\/2023\/05\/WhatsApp-Image-2023-05-05-at-14.09.47-1.jpeg 1599w\" sizes=\"(max-width: 1024px) 100vw, 1024px\" \/>\t\t\t\t\t\t\t\t\t\t\t\t\t<\/div>\n\t\t\t\t<\/div>\n\t\t\t\t<div class=\"elementor-element elementor-element-691ca0e elementor-widget elementor-widget-image\" data-id=\"691ca0e\" data-element_type=\"widget\" data-widget_type=\"image.default\">\n\t\t\t\t<div class=\"elementor-widget-container\">\n\t\t\t\t\t\t\t\t\t\t\t\t\t<img loading=\"lazy\" decoding=\"async\" width=\"1024\" height=\"1024\" src=\"https:\/\/vast-g.com\/wp-content\/uploads\/2023\/05\/WhatsApp-Image-2023-05-05-at-14.09.48-2-1024x1024.jpeg\" class=\"attachment-large size-large wp-image-1843\" alt=\"\" srcset=\"https:\/\/vast-g.com\/wp-content\/uploads\/2023\/05\/WhatsApp-Image-2023-05-05-at-14.09.48-2-1024x1024.jpeg 1024w, https:\/\/vast-g.com\/wp-content\/uploads\/2023\/05\/WhatsApp-Image-2023-05-05-at-14.09.48-2-300x300.jpeg 300w, https:\/\/vast-g.com\/wp-content\/uploads\/2023\/05\/WhatsApp-Image-2023-05-05-at-14.09.48-2-150x150.jpeg 150w, https:\/\/vast-g.com\/wp-content\/uploads\/2023\/05\/WhatsApp-Image-2023-05-05-at-14.09.48-2-768x769.jpeg 768w, https:\/\/vast-g.com\/wp-content\/uploads\/2023\/05\/WhatsApp-Image-2023-05-05-at-14.09.48-2.jpeg 1197w\" sizes=\"(max-width: 1024px) 100vw, 1024px\" \/>\t\t\t\t\t\t\t\t\t\t\t\t\t<\/div>\n\t\t\t\t<\/div>\n\t\t\t\t<div class=\"elementor-element elementor-element-f5bc101 elementor-widget elementor-widget-image\" data-id=\"f5bc101\" data-element_type=\"widget\" data-widget_type=\"image.default\">\n\t\t\t\t<div class=\"elementor-widget-container\">\n\t\t\t\t\t\t\t\t\t\t\t\t\t<img loading=\"lazy\" decoding=\"async\" width=\"576\" height=\"1024\" src=\"https:\/\/vast-g.com\/wp-content\/uploads\/2023\/06\/20230511_180944-576x1024.jpg\" class=\"attachment-large size-large wp-image-2024\" alt=\"\" srcset=\"https:\/\/vast-g.com\/wp-content\/uploads\/2023\/06\/20230511_180944-576x1024.jpg 576w, https:\/\/vast-g.com\/wp-content\/uploads\/2023\/06\/20230511_180944-169x300.jpg 169w, https:\/\/vast-g.com\/wp-content\/uploads\/2023\/06\/20230511_180944-scaled.jpg 675w\" sizes=\"(max-width: 576px) 100vw, 576px\" \/>\t\t\t\t\t\t\t\t\t\t\t\t\t<\/div>\n\t\t\t\t<\/div>\n\t\t\t\t<div class=\"elementor-element elementor-element-521b163 elementor-widget elementor-widget-image\" data-id=\"521b163\" data-element_type=\"widget\" data-widget_type=\"image.default\">\n\t\t\t\t<div class=\"elementor-widget-container\">\n\t\t\t\t\t\t\t\t\t\t\t\t\t<img loading=\"lazy\" decoding=\"async\" width=\"1024\" height=\"722\" src=\"https:\/\/vast-g.com\/wp-content\/uploads\/2023\/06\/WhatsApp-Image-2023-05-20-at-12.17.36-1024x722.jpeg\" class=\"attachment-large size-large wp-image-2027\" alt=\"\" srcset=\"https:\/\/vast-g.com\/wp-content\/uploads\/2023\/06\/WhatsApp-Image-2023-05-20-at-12.17.36-1024x722.jpeg 1024w, https:\/\/vast-g.com\/wp-content\/uploads\/2023\/06\/WhatsApp-Image-2023-05-20-at-12.17.36-300x212.jpeg 300w, https:\/\/vast-g.com\/wp-content\/uploads\/2023\/06\/WhatsApp-Image-2023-05-20-at-12.17.36-768x542.jpeg 768w, https:\/\/vast-g.com\/wp-content\/uploads\/2023\/06\/WhatsApp-Image-2023-05-20-at-12.17.36.jpeg 1200w\" sizes=\"(max-width: 1024px) 100vw, 1024px\" \/>\t\t\t\t\t\t\t\t\t\t\t\t\t<\/div>\n\t\t\t\t<\/div>\n\t\t\t\t\t<\/div>\n\t\t<\/div>\n\t\t\t\t\t<\/div>\n\t\t<\/section>\n\t\t\t\t<\/div>\n\t\t","protected":false},"excerpt":{"rendered":"<p>Nos r\u00e9alisations +32 485 02 84 71 D\u00e9couvrez notre portfolio de projets achev\u00e9s chez Vast-G. Nous avons travaill\u00e9 sur une grande vari\u00e9t\u00e9 de projets pour nos clients r\u00e9sidentiels et commerciaux, depuis les petites r\u00e9parations jusqu&rsquo;aux grands projets de plomberie. Nous sommes fiers de la qualit\u00e9 de notre travail et de notre engagement envers nos clients. &hellip;<\/p>\n<p class=\"read-more\"> <a class=\"\" href=\"https:\/\/vast-g.com\/index.php\/testimonials\/\"> <span class=\"screen-reader-text\">Nos r\u00e9alisations<\/span> Lire la suite\u00a0\u00bb<\/a><\/p>\n","protected":false},"author":1,"featured_media":0,"parent":0,"menu_order":0,"comment_status":"closed","ping_status":"closed","template":"","meta":{"site-sidebar-layout":"no-sidebar","site-content-layout":"page-builder","ast-global-header-display":"","ast-banner-title-visibility":"","ast-main-header-display":"","ast-hfb-above-header-display":"","ast-hfb-below-header-display":"","ast-hfb-mobile-header-display":"","site-post-title":"disabled","ast-breadcrumbs-content":"","ast-featured-img":"disabled","footer-sml-layout":"","theme-transparent-header-meta":"enabled","adv-header-id-meta":"","stick-header-meta":"","header-above-stick-meta":"","header-main-stick-meta":"","header-below-stick-meta":"","footnotes":""},"class_list":["post-1614","page","type-page","status-publish","hentry"],"_links":{"self":[{"href":"https:\/\/vast-g.com\/index.php\/wp-json\/wp\/v2\/pages\/1614","targetHints":{"allow":["GET"]}}],"collection":[{"href":"https:\/\/vast-g.com\/index.php\/wp-json\/wp\/v2\/pages"}],"about":[{"href":"https:\/\/vast-g.com\/index.php\/wp-json\/wp\/v2\/types\/page"}],"author":[{"embeddable":true,"href":"https:\/\/vast-g.com\/index.php\/wp-json\/wp\/v2\/users\/1"}],"replies":[{"embeddable":true,"href":"https:\/\/vast-g.com\/index.php\/wp-json\/wp\/v2\/comments?post=1614"}],"version-history":[{"count":18,"href":"https:\/\/vast-g.com\/index.php\/wp-json\/wp\/v2\/pages\/1614\/revisions"}],"predecessor-version":[{"id":2085,"href":"https:\/\/vast-g.com\/index.php\/wp-json\/wp\/v2\/pages\/1614\/revisions\/2085"}],"wp:attachment":[{"href":"https:\/\/vast-g.com\/index.php\/wp-json\/wp\/v2\/media?parent=1614"}],"curies":[{"name":"wp","href":"https:\/\/api.w.org\/{rel}","templated":true}]}}